{"id":17,"date":"2021-06-14T22:29:22","date_gmt":"2021-06-14T20:29:22","guid":{"rendered":"https:\/\/jeuxcachan.fr\/?page_id=17"},"modified":"2023-04-15T15:14:55","modified_gmt":"2023-04-15T13:14:55","slug":"17-2","status":"publish","type":"page","link":"https:\/\/jeuxcachan.fr\/","title":{"rendered":"Accueil"},"content":{"rendered":"\n<div class=\"wp-block-cover alignwide\"><img loading=\"lazy\" width=\"1000\" height=\"288\" class=\"wp-block-cover__image-background wp-image-11\" alt=\"\" src=\"http:\/\/jeuxcachan.fr\/wp-content\/uploads\/2021\/06\/header22.jpg\" data-object-fit=\"cover\" srcset=\"https:\/\/jeuxcachan.fr\/wp-content\/uploads\/2021\/06\/header22.jpg 1000w, https:\/\/jeuxcachan.fr\/wp-content\/uploads\/2021\/06\/header22-300x86.jpg 300w, https:\/\/jeuxcachan.fr\/wp-content\/uploads\/2021\/06\/header22-768x221.jpg 768w\" sizes=\"(max-width: 1000px) 100vw, 1000px\" \/><div class=\"wp-block-cover__inner-container\">\n<p class=\"has-large-font-size\"><\/p>\n<\/div><\/div>\n\n\n\n<p>Nous sommes une activit\u00e9 gratuite g\u00e9r\u00e9e par des joueurs b\u00e9n\u00e9voles se rassemblant tous les mercredis soirs dans le centre socio-culturel de la maison Coust\u00e9 de Cachan. Ouvert aux adultes et adolescents, d\u00e9butants ou passionn\u00e9s afin de partager un moment convivial autour de jeux grand public ou plus pointus.<\/p>\n\n\n\n<p><a href=\"https:\/\/jeuxcachan.fr\/?page_id=69\" data-type=\"URL\" data-id=\"https:\/\/jeuxcachan.fr\/?page_id=69\">Comment nous rejoindre<\/a><\/p>\n\n\n<ul class=\"wp-block-latest-posts__list alignwide wp-block-latest-posts\"><li><a href=\"https:\/\/jeuxcachan.fr\/?p=197\">Le 4 f\u00e9vrier, ce sera \u00e0 la biblioth\u00e8que !<\/a><div class=\"wp-block-latest-posts__post-full-content\"><!-- wp:paragraph -->\n<p>Ce mercredi 4 f\u00e9vrier, la maison Coust\u00e9 sera ferm\u00e9e, mais la M\u00e9diath\u00e8que Toni Morrison nous accueillera de 18h \u00e0 21h45. il faudra donc venir plus t\u00f4t que d&#8217;habitude \ud83d\ude42<\/p>\n<!-- \/wp:paragraph --><\/div><\/li>\n<li><a href=\"https:\/\/jeuxcachan.fr\/?p=192\">Rendez vous l&#8217;ann\u00e9e prochaine !<\/a><div class=\"wp-block-latest-posts__post-full-content\"><!-- wp:paragraph -->\n<p>La maison Coust\u00e9 est ferm\u00e9e pour le restant de l&#8217;ann\u00e9e. Bonnes f\u00eates \u00e0 vous tous et rendez vous ne 2026 !<\/p>\n<!-- \/wp:paragraph --><\/div><\/li>\n<li><a href=\"https:\/\/jeuxcachan.fr\/?p=189\">Cette semaine, c&#8217;est Biblioth\u00e8que de Cachan<\/a><div class=\"wp-block-latest-posts__post-full-content\"><!-- wp:paragraph -->\n<p>La maison Coust\u00e9 \u00e9tant ferm\u00e9e comme \u00e0 l&#8217;habitude la deuxi\u00e8me semaine des vacances, nous ferons une s\u00e9ance de 18h \u00e0 22h \u00e0 la biblioth\u00e8que Toni Morrison de Cachan. Bons jeux et bon Halloween !<\/p>\n<!-- \/wp:paragraph --><\/div><\/li>\n<li><a href=\"https:\/\/jeuxcachan.fr\/?p=186\">C&#8217;est reparti !<\/a><div class=\"wp-block-latest-posts__post-full-content\"><!-- wp:paragraph -->\n<p>Bonne rentr\u00e9e \u00e0 tous, et surtout aux joueurs !<\/p>\n<!-- \/wp:paragraph -->\n\n<!-- wp:paragraph -->\n<p>Nous reprenons notre rendez-vous du mercredi soir d\u00e8s le 17 septembre. Vous \u00e9tiez nombreux au forum des associations, et nous esp\u00e9rons vous voir prochainement !<\/p>\n<!-- \/wp:paragraph --><\/div><\/li>\n<li><a href=\"https:\/\/jeuxcachan.fr\/?p=183\">Fin de cette saison<\/a><div class=\"wp-block-latest-posts__post-full-content\"><!-- wp:paragraph -->\n<p>Mauvaise nouvelle aux Joueuses et Joueurs, cette saison est termin\u00e9e. Contrairement \u00e0 l&#8217;habitude, la Maison Coust\u00e9 ne nous ouvrira pas ses portes pour le mois de Juillet.<\/p>\n<!-- \/wp:paragraph -->\n\n<!-- wp:paragraph -->\n<p>Nous vous donnons donc rendez-vous en Septembre apr\u00e8s le forum des associations, pour une nouvelle ann\u00e9e.<\/p>\n<!-- \/wp:paragraph -->\n\n<!-- wp:paragraph -->\n<p>Bonnes vacances \u00e0 tous!<\/p>\n<!-- \/wp:paragraph --><\/div><\/li>\n<li><a href=\"https:\/\/jeuxcachan.fr\/?p=180\">Pas de s\u00e9ance le 7 mai<\/a><div class=\"wp-block-latest-posts__post-full-content\"><!-- wp:paragraph -->\n<p>La maison Coust\u00e9 est ferm\u00e9e ce 7 mai. Prochaine s\u00e9ance : le 14 mai.<\/p>\n<!-- \/wp:paragraph --><\/div><\/li>\n<li><a href=\"https:\/\/jeuxcachan.fr\/?p=176\">Pas de s\u00e9ance le 23\/04\/2025<\/a><div class=\"wp-block-latest-posts__post-full-content\"><!-- wp:paragraph -->\n<p>Bonjour,<\/p>\n<!-- \/wp:paragraph -->\n\n<!-- wp:paragraph -->\n<p>La Maison Coust\u00e9 \u00e9tant ferm\u00e9e, pas de s\u00e9ance ce soir. <\/p>\n<!-- \/wp:paragraph -->\n\n<!-- wp:paragraph -->\n<p>Prochaine s\u00e9ance : le 30 avril<\/p>\n<!-- \/wp:paragraph -->\n\n<!-- wp:paragraph -->\n<p>Bonne journ\u00e9e \u00e0 tous!<\/p>\n<!-- \/wp:paragraph --><\/div><\/li>\n<\/ul>\n\n\n<p><\/p>\n","protected":false},"excerpt":{"rendered":"<p>Nous sommes une activit\u00e9 gratuite g\u00e9r\u00e9e par des joueurs b\u00e9n\u00e9voles se rassemblant tous les mercredis soirs dans le centre socio-culturel de la maison Coust\u00e9 de Cachan. Ouvert aux adultes et adolescents, d\u00e9butants ou passionn\u00e9s afin de partager un moment convivial autour de jeux grand public ou plus pointus. Comment nous rejoindre<\/p>\n","protected":false},"author":1,"featured_media":0,"parent":0,"menu_order":0,"comment_status":"closed","ping_status":"closed","template":"","meta":[],"_links":{"self":[{"href":"https:\/\/jeuxcachan.fr\/index.php?rest_route=\/wp\/v2\/pages\/17"}],"collection":[{"href":"https:\/\/jeuxcachan.fr\/index.php?rest_route=\/wp\/v2\/pages"}],"about":[{"href":"https:\/\/jeuxcachan.fr\/index.php?rest_route=\/wp\/v2\/types\/page"}],"author":[{"embeddable":true,"href":"https:\/\/jeuxcachan.fr\/index.php?rest_route=\/wp\/v2\/users\/1"}],"replies":[{"embeddable":true,"href":"https:\/\/jeuxcachan.fr\/index.php?rest_route=%2Fwp%2Fv2%2Fcomments&post=17"}],"version-history":[{"count":18,"href":"https:\/\/jeuxcachan.fr\/index.php?rest_route=\/wp\/v2\/pages\/17\/revisions"}],"predecessor-version":[{"id":125,"href":"https:\/\/jeuxcachan.fr\/index.php?rest_route=\/wp\/v2\/pages\/17\/revisions\/125"}],"wp:attachment":[{"href":"https:\/\/jeuxcachan.fr\/index.php?rest_route=%2Fwp%2Fv2%2Fmedia&parent=17"}],"curies":[{"name":"wp","href":"https:\/\/api.w.org\/{rel}","templated":true}]}}